{"id":2910,"date":"2016-04-10T21:10:06","date_gmt":"2016-04-10T19:10:06","guid":{"rendered":"https:\/\/haspa-marathon-hamburg.de\/?page_id=2910"},"modified":"2019-11-13T17:35:37","modified_gmt":"2019-11-13T16:35:37","slug":"marathonday","status":"publish","type":"page","link":"https:\/\/haspa-marathon-hamburg.de\/en\/marathonday\/","title":{"rendered":"Marathonday"},"content":{"rendered":"[vc_row][vc_column width=&#8221;1\/2&#8243;][divider line_type=&#8221;No Line&#8221; custom_height=&#8221;75&#8243;][vc_column_text]Have a stress-free marathon day and focus on your race by following these helpful marathon tips![\/vc_column_text][divider line_type=&#8221;No Line&#8221; custom_height=&#8221;20&#8243;][vc_text_separator title=&#8221;Interactive course map&#8221; title_align=&#8221;separator_align_left&#8221; color=&#8221;grey&#8221;][vc_column_text]Find all marks, hot spots, water and service stations on the interactive course map!<\/p>\n<a class=\"design-button n-sc-button large accent-color has-icon regular-button\" target=\"_blank\" href=\"http:\/\/mhv-maps.de\/Marathon\/Strecke\/\" data-color-override=\"false\" data-hover-color-override=\"false\" data-hover-text-color-override=\"#fff\"><span>interactive course map<\/span><i class=\"fa fa-user\"><\/i><\/a>\n[\/vc_column_text][\/vc_column][vc_column width=&#8221;1\/2&#8243;][divider line_type=&#8221;No Line&#8221; custom_height=&#8221;75&#8243;][image_with_animation image_url=&#8221;3741&#8243; animation=&#8221;Grow In&#8221; img_link_target=&#8221;_self&#8221; alignment=&#8221;center&#8221;][\/vc_column][\/vc_row][vc_row][vc_column width=&#8221;1\/1&#8243;][vc_text_separator title=&#8221;10 TIPS FOR A STRESS-FREE MARATHON DAY&#8221; title_align=&#8221;separator_align_left&#8221; color=&#8221;grey&#8221;][\/vc_column][\/vc_row][vc_row][vc_column width=&#8221;1\/1&#8243;][toggles][toggle title=&#8221;Before the run&#8221; color=&#8221;Default&#8221;][vc_column_text]\n<ol>\n<li><strong> Pick up your race pack as early as possible<\/strong><\/li>\n<\/ol>\n<p>Pick up your race pack at the Hamburg expo on Friday already, so you can avoid stress or long waiting times.<\/p>\n<ol start=\"2\">\n<li><strong>Be at the event area ahead of time on Sunday<\/strong><\/li>\n<\/ol>\n<p>If you\u2019re at the expo centre 1-2 hours before the start, you\u2019ll have enough time to get your bearings, drop off your kitbag, and make it to your starting block.<\/p>\n<ol start=\"3\">\n<li><strong>Use public transport<\/strong><\/li>\n<\/ol>\n<p>You can get to Hamburg\u2019s exhibition centre easily with the \u201cS-Bahn\u201d (S-Line) via the stations Sternschanze and Dammtor or with the \u201cU-Bahn\u201d (U-Line) via the stations Feldstra\u00dfe (U3), Messehallen (U2) and Stephansplatz (U1). To get to the Athletes Area go to gate B5 or B6 in the street &#8220;Bei den Kirchh\u00f6fen&#8221;.<\/p>\n<ol start=\"4\">\n<li><strong>Say goodbye to friends and relatives at the central entrance or at the Messeparkplatz West<\/strong><\/li>\n<\/ol>\n<p>After this point you will be in the Athletes Area, which is only accessible to runners.<\/p>\n<ol start=\"5\">\n<li><strong>Drop off your kitbag<\/strong><\/li>\n<\/ol>\n<p>Ideally, you informed yourself of your starting block\u2019s location when picking up your race pack. Because you have arrived on time, you can now easily drop off your kitbag in Hall B6 Afterwards you procced to the Karolinenstra\u00dfe to the starting blocks.At your bib number you will find next to the letter of your starting block a coloured point (yellow, blue or red).The runners of the starting blocks A-D leave the Athletes Area via gate B7 and follow the yellow signage. The runners of the starting blocks E and F follow the blue signage via the exhibition area in direction of Karolinenstra\u00dfe. The runners of the starting blocks G-N follow the red signage via St. Petersburger Stra\u00dfe to the starting blocks at the Karolinenstra\u00dfe. You should plan at least 20 minutes for your travel time between the kitbag drop-off and your respective starting block. So plan ahead and leave the Athletes Area for the starting blocks no later than 8.30 am.<\/p>\n<ol start=\"6\">\n<li><strong>Visit the restroom one more time<\/strong><\/li>\n<\/ol>\n<p>You will find enough toilets on the expo ground and along the starting blocks. Experience has shown that waiting times are to be expected. So make your way to the restroom with sufficient time to then get to your starting block on time.[\/vc_column_text][\/toggle][toggle title=&#8221;After the run&#8221; color=&#8221;Default&#8221;][vc_column_text]\n<ol start=\"7\">\n<li><strong> Make way for oncoming runners at the finish<\/strong><\/li>\n<\/ol>\n<p>Please also show consideration for oncoming runners in the area after the finish. Even hough every extra step might cause you pain and you have every reasons to want to enjoy the moment, please leave the area behind the finish line as quickly as possible. By doing so, you\u2019ll get your well-deserved medal faster and can then recuperate with plenty of time at the finish buffet.<\/p>\n<ol start=\"8\">\n<li><strong>Look out for the shortest queues<\/strong><\/li>\n<\/ol>\n<p>After the Marathon, each and every step is a struggle. However, please try not to fall in line at the first queue of the medal hand out and refreshment points. Most of the time, you\u2019ll find another handout point to the left or right with less congestion.<\/p>\n<ol start=\"9\">\n<li><strong>Collect your kitbag and make use of the Rewe Chill Out Area and shower and massage facilities<\/strong><\/li>\n<\/ol>\n<p>The shower, massage and Kit Bag Collection\u00a0 is located in Hall B6. The Rewe Chillout Area in Hall B7. Please use the the gates B5 or B6 to leave the Athletes Area. Do not forget: If you used a rented timing chip, return it at the gates B5 or B6.<\/p>\n<p><strong>10.Meet up with your fans at the agreed meeting points<\/strong><\/p>\n<p>Once you have left the Athletes Area and went left, you will find the meeting points in the St. Petersburger Stra\u00dfe. The easiest and also shortest way for everyone is to meet up at the meeting points at St. Petersburger Stra\u00dfe.<br \/>\nNow you can take a stroll around the Event Area one more time with your family and friends.[\/vc_column_text][\/toggle][\/toggles][divider line_type=&#8221;No Line&#8221; custom_height=&#8221;50&#8243;][vc_text_separator title=&#8221;Follow your runner!&#8221; title_align=&#8221;separator_align_left&#8221; color=&#8221;grey&#8221;][vc_column_text]You want to support your runner on the course? We have the following plan for you:[\/vc_column_text][divider line_type=&#8221;No Line&#8221; custom_height=&#8221;50&#8243;][toggles][toggle title=&#8221;Extended version&#8221; color=&#8221;Default&#8221;][vc_column_text]\n<ul>\n<li>After the start you can take the U3 from \u201cSternschanze\u201d or \u201cFeldstra\u00dfe\u201d to \u201cLandungsbr\u00fccken\u201d \u2013 KM 15 \u2013 travel time 5 min.<\/li>\n<li>Afterwards with the S1\/3 to \u201cJungerfernstieg\u201d KM 16,5 \u2013 travel time 5 min.<\/li>\n<li>With the S1 to \u201cAlte W\u00f6hr\u201d KM 25 \u2013 travel time 18 min.<\/li>\n<li>From there with the S1 to \u201cOhlsdorf\u201d KM 31 \u2013 travel time 4 min.<\/li>\n<li>From \u201cOhlsdorf\u201d you can take the U1 to \u201cKlosterstern\u201d KM 37,5 \u2013 travel time 11 min.<\/li>\n<li>Hurry up and take the U1 back to \u201cHauptbahnhof\u201d and from there the U2 to the finish at \u201cMessehallen\u201d &#8211; travel time 15 min.<\/li>\n<li>Here you can relax at the tribune and receive your runner.<\/li>\n<\/ul>\n[\/vc_column_text][\/toggle][toggle title=&#8221;Short version&#8221; color=&#8221;Default&#8221;][vc_column_text]\n<ul>\n<li>After the start you can take the U\u201d from \u201cMessehallen\u201d to \u201cJungfernstieg\u201d \u2013 travel time 3 min.<\/li>\n<li>Here you support your runner directly at the Hot Spot Jungfernstieg or you go towards the corner \u201cBallindamm\/Lombradsbr\u00fccke\u201d, where you can see your runner twice.<\/li>\n<li>Afterwards you have enough time to walk to the \u201cMizuno Zone\u201d at \u201cStepahnsplatz\u201d. There you can give your runner the final push before the finish.<\/li>\n<\/ul>\n[\/vc_column_text][\/toggle][\/toggles][divider line_type=&#8221;No Line&#8221; custom_height=&#8221;50&#8243;][vc_text_separator title=&#8221;Follow your relay team!&#8221; title_align=&#8221;separator_align_left&#8221; color=&#8221;grey&#8221;][vc_column_text]You want to support your relay or you run yourself and want to know the fastest way to the handover points?<\/p>\n<p>We have the following plan for you:[\/vc_column_text][divider line_type=&#8221;No Line&#8221; custom_height=&#8221;50&#8243;][toggles][toggle title=&#8221;From the start&#8221; color=&#8221;Default&#8221;][vc_column_text]FROM START to handover point 1<\/p>\n<ul>\n<li>After the start you take the U2 from \u201cMessehallen\u201d to \u201cJungfernstieg\u201d (travel time 3 min.)<\/li>\n<li>You can also walk from the start to Jungfernstieg. It is about 1,3 km (walking time 15 min.)<\/li>\n<\/ul>\n<p>FROM START to handover point 2<\/p>\n<ul>\n<li>The fastest way to get to the second handover point is to take the U2 from \u201cMessehallen\u201d to \u201cJungfernstieg\u201d and from there the U1 to \u201cAlsterdorf\u201d (travel time 22 min.)<\/li>\n<li>From there it is about 700 m (walking time 9 min.)<\/li>\n<\/ul>\n<p>FROM START to handover point 3<\/p>\n<ul>\n<li>The fastest way to get to the second handover point is to take the U2 from \u201cMessehallen\u201d to \u201cJungfernstieg\u201d and from there the U1 to \u201cAlsterdorf\u201d (travel time 22 min.)<\/li>\n<li>You take the \u201cHindenburgstra\u00dfe\u201d towards the third handover point. It is about 800 m (walking time 11 min.)<\/li>\n<\/ul>\n<p>FROM START to the collection point<\/p>\n<ul>\n<li>Start and finish area: Walkway at the Karolinenstra\u00dfe (west side) to Sievekingplatz \u2013 about 400 m<\/li>\n<li>U2 Messehallen: Exit \u201cSievekingpaltz \u2013 Gerichte\u201d<\/li>\n<\/ul>\n[\/vc_column_text][\/toggle][toggle title=&#8221;From the handover-points&#8221; color=&#8221;Default&#8221;][vc_column_text]FROM HANDOVER POINT 1 to handover point 2<\/p>\n<ul>\n<li>The best way to go is to use the U1 from \u201cJungfernstieg\u201d to \u201cAslterdorf\u201d (travel time 13 min.)<\/li>\n<\/ul>\n<p>FROM HANDOVER POINT 2 to handover point 3<\/p>\n<ul>\n<li>The two handover points are not that far away. You can walk at the \u201cHindenburgstra\u00dfe\u201d and reach after about 18 min. walking the third handover point.<\/li>\n<\/ul>\n<p>FROM HANDOVER POINT 3 to the collection point<\/p>\n<ul>\n<li>To get back to the finish, use the U1 from \u201cAlsterdorf\u201d to \u201cJungfernstieg\u201d and then the U2 to \u201cMessehallen\u201d (travel time 22 min.)<\/li>\n<li>Take the exit \u201cSievekingpaltz \u2013 Gerichte\u201d to get to the collection point.<\/li>\n<\/ul>\n[\/vc_column_text][\/toggle][\/toggles][\/vc_column][\/vc_row][vc_row][vc_column width=&#8221;1\/1&#8243;][vc_text_separator title=&#8221;WOMEN&#8217;S RACE&#8221; title_align=&#8221;separator_align_left&#8221; color=&#8221;grey&#8221;][toggles][toggle title=&#8221;GETTING HERE&#8221; color=&#8221;Default&#8221;][vc_column_text]From U Feldstra\u00dfe U3\u00a0 &#8220;Schlump-Barmbek&#8221;<br \/>\nexit U Sierichstra\u00dfe, walk 400 m to the handoff point<\/p>\n<p>PLEASE NOTE. An organized transport of the Women&#8217;s Race runners to and from the HANDOFF POINT is unfortunately not possible DUE TO the roadblocks for the marathon. The change zone is therefore selected so that it can be reached comfortably by public transport.<\/p>\n<p>&nbsp;<\/p>\n<div class=\"_Ejb\">\n<div id=\"tw-target\">\n<div id=\"tw-target-text-container\" class=\"tw-ta-container tw-nfl\">\n<pre id=\"tw-target-text\" class=\"tw-data-text tw-ta tw-text-small\" dir=\"ltr\" data-placeholder=\"\u00dcbersetzung\" data-fulltext=\"\"><span lang=\"en\">\u00a0<\/span><\/pre>\n<\/div>\n<\/div>\n<\/div>\n[\/vc_column_text][\/toggle][toggle title=&#8221;COLLECTION POINT&#8221; color=&#8221;Default&#8221;][vc_column_text]From U Sternschanze walk 500 m to &#8220;Sievekingsplatz&#8221; from<br \/>\nU Messehallen use exit \u201cSievekingsplatz-Gerichte\u201d[\/vc_column_text][\/toggle][\/toggles][\/vc_column][\/vc_row][vc_row][vc_column width=&#8221;1\/1&#8243;][divider line_type=&#8221;No Line&#8221; custom_height=&#8221;50&#8243;][\/vc_column][\/vc_row][vc_row][vc_column width=&#8221;1\/1&#8243;][\/vc_column][\/vc_row]\n","protected":false},"excerpt":{"rendered":"<p>[vc_row][vc_column width=&#8221;1\/2&#8243;][divider line_type=&#8221;No Line&#8221; custom_height=&#8221;75&#8243;][vc_column_text]Have a stress-free marathon day and focus on your race by following these helpful marathon tips![\/vc_column_text][divider line_type=&#8221;No Line&#8221; custom_height=&#8221;20&#8243;][vc_text_separator title=&#8221;Interactive course map&#8221; title_align=&#8221;separator_align_left&#8221; color=&#8221;grey&#8221;][vc_column_text]Find all marks,&#8230;<\/p>\n","protected":false},"author":5,"featured_media":0,"parent":0,"menu_order":0,"comment_status":"closed","ping_status":"open","template":"","meta":{"footnotes":""},"yoast_head":"<!-- This site is optimized with the Yoast SEO plugin v23.5 - https:\/\/yoast.com\/wordpress\/plugins\/seo\/ -->\n<title>Marathonday - Haspa Marathon Hamburg<\/title>\n<meta name=\"robots\" content=\"index, follow, max-snippet:-1, max-image-preview:large, max-video-preview:-1\" \/>\n<link rel=\"canonical\" href=\"https:\/\/haspa-marathon-hamburg.de\/en\/marathonday\/\" \/>\n<meta property=\"og:locale\" content=\"en_US\" \/>\n<meta property=\"og:type\" content=\"article\" \/>\n<meta property=\"og:title\" content=\"Marathonday - Haspa Marathon Hamburg\" \/>\n<meta property=\"og:description\" content=\"[vc_row][vc_column width=&#8221;1\/2&#8243;][divider line_type=&#8221;No Line&#8221; custom_height=&#8221;75&#8243;][vc_column_text]Have a stress-free marathon day and focus on your race by following these helpful marathon tips![\/vc_column_text][divider line_type=&#8221;No Line&#8221; custom_height=&#8221;20&#8243;][vc_text_separator title=&#8221;Interactive course map&#8221; title_align=&#8221;separator_align_left&#8221; color=&#8221;grey&#8221;][vc_column_text]Find all marks,...\" \/>\n<meta property=\"og:url\" content=\"https:\/\/haspa-marathon-hamburg.de\/en\/marathonday\/\" \/>\n<meta property=\"og:site_name\" content=\"Haspa Marathon Hamburg\" \/>\n<meta property=\"article:modified_time\" content=\"2019-11-13T16:35:37+00:00\" \/>\n<meta name=\"twitter:card\" content=\"summary_large_image\" \/>\n<meta name=\"twitter:label1\" content=\"Est. reading time\" \/>\n\t<meta name=\"twitter:data1\" content=\"8 minutes\" \/>\n<script type=\"application\/ld+json\" class=\"yoast-schema-graph\">{\"@context\":\"https:\/\/schema.org\",\"@graph\":[{\"@type\":\"WebPage\",\"@id\":\"https:\/\/haspa-marathon-hamburg.de\/en\/marathonday\/\",\"url\":\"https:\/\/haspa-marathon-hamburg.de\/en\/marathonday\/\",\"name\":\"Marathonday - Haspa Marathon Hamburg\",\"isPartOf\":{\"@id\":\"https:\/\/haspa-marathon-hamburg.de\/en\/#website\"},\"datePublished\":\"2016-04-10T19:10:06+00:00\",\"dateModified\":\"2019-11-13T16:35:37+00:00\",\"inLanguage\":\"en-US\",\"potentialAction\":[{\"@type\":\"ReadAction\",\"target\":[\"https:\/\/haspa-marathon-hamburg.de\/en\/marathonday\/\"]}]},{\"@type\":\"WebSite\",\"@id\":\"https:\/\/haspa-marathon-hamburg.de\/en\/#website\",\"url\":\"https:\/\/haspa-marathon-hamburg.de\/en\/\",\"name\":\"Haspa Marathon Hamburg\",\"description\":\"\",\"potentialAction\":[{\"@type\":\"SearchAction\",\"target\":{\"@type\":\"EntryPoint\",\"urlTemplate\":\"https:\/\/haspa-marathon-hamburg.de\/en\/?s={search_term_string}\"},\"query-input\":{\"@type\":\"PropertyValueSpecification\",\"valueRequired\":true,\"valueName\":\"search_term_string\"}}],\"inLanguage\":\"en-US\"}]}<\/script>\n<!-- \/ Yoast SEO plugin. -->","yoast_head_json":{"title":"Marathonday - Haspa Marathon Hamburg","robots":{"index":"index","follow":"follow","max-snippet":"max-snippet:-1","max-image-preview":"max-image-preview:large","max-video-preview":"max-video-preview:-1"},"canonical":"https:\/\/haspa-marathon-hamburg.de\/en\/marathonday\/","og_locale":"en_US","og_type":"article","og_title":"Marathonday - Haspa Marathon Hamburg","og_description":"[vc_row][vc_column width=&#8221;1\/2&#8243;][divider line_type=&#8221;No Line&#8221; custom_height=&#8221;75&#8243;][vc_column_text]Have a stress-free marathon day and focus on your race by following these helpful marathon tips![\/vc_column_text][divider line_type=&#8221;No Line&#8221; custom_height=&#8221;20&#8243;][vc_text_separator title=&#8221;Interactive course map&#8221; title_align=&#8221;separator_align_left&#8221; color=&#8221;grey&#8221;][vc_column_text]Find all marks,...","og_url":"https:\/\/haspa-marathon-hamburg.de\/en\/marathonday\/","og_site_name":"Haspa Marathon Hamburg","article_modified_time":"2019-11-13T16:35:37+00:00","twitter_card":"summary_large_image","twitter_misc":{"Est. reading time":"8 minutes"},"schema":{"@context":"https:\/\/schema.org","@graph":[{"@type":"WebPage","@id":"https:\/\/haspa-marathon-hamburg.de\/en\/marathonday\/","url":"https:\/\/haspa-marathon-hamburg.de\/en\/marathonday\/","name":"Marathonday - Haspa Marathon Hamburg","isPartOf":{"@id":"https:\/\/haspa-marathon-hamburg.de\/en\/#website"},"datePublished":"2016-04-10T19:10:06+00:00","dateModified":"2019-11-13T16:35:37+00:00","inLanguage":"en-US","potentialAction":[{"@type":"ReadAction","target":["https:\/\/haspa-marathon-hamburg.de\/en\/marathonday\/"]}]},{"@type":"WebSite","@id":"https:\/\/haspa-marathon-hamburg.de\/en\/#website","url":"https:\/\/haspa-marathon-hamburg.de\/en\/","name":"Haspa Marathon Hamburg","description":"","potentialAction":[{"@type":"SearchAction","target":{"@type":"EntryPoint","urlTemplate":"https:\/\/haspa-marathon-hamburg.de\/en\/?s={search_term_string}"},"query-input":{"@type":"PropertyValueSpecification","valueRequired":true,"valueName":"search_term_string"}}],"inLanguage":"en-US"}]}},"_links":{"self":[{"href":"https:\/\/haspa-marathon-hamburg.de\/en\/wp-json\/wp\/v2\/pages\/2910"}],"collection":[{"href":"https:\/\/haspa-marathon-hamburg.de\/en\/wp-json\/wp\/v2\/pages"}],"about":[{"href":"https:\/\/haspa-marathon-hamburg.de\/en\/wp-json\/wp\/v2\/types\/page"}],"author":[{"embeddable":true,"href":"https:\/\/haspa-marathon-hamburg.de\/en\/wp-json\/wp\/v2\/users\/5"}],"replies":[{"embeddable":true,"href":"https:\/\/haspa-marathon-hamburg.de\/en\/wp-json\/wp\/v2\/comments?post=2910"}],"version-history":[{"count":13,"href":"https:\/\/haspa-marathon-hamburg.de\/en\/wp-json\/wp\/v2\/pages\/2910\/revisions"}],"predecessor-version":[{"id":5788,"href":"https:\/\/haspa-marathon-hamburg.de\/en\/wp-json\/wp\/v2\/pages\/2910\/revisions\/5788"}],"wp:attachment":[{"href":"https:\/\/haspa-marathon-hamburg.de\/en\/wp-json\/wp\/v2\/media?parent=2910"}],"curies":[{"name":"wp","href":"https:\/\/api.w.org\/{rel}","templated":true}]}}